{"id":941,"date":"2024-02-01T08:35:01","date_gmt":"2024-02-01T08:35:01","guid":{"rendered":"https:\/\/calatreumal.com\/politica-de-cookies\/"},"modified":"2024-02-01T08:35:01","modified_gmt":"2024-02-01T08:35:01","slug":"politica-de-cookies","status":"publish","type":"page","link":"https:\/\/calatreumal.com\/ca\/politica-de-cookies\/","title":{"rendered":"Pol\u00edtica de Cookies"},"content":{"rendered":"<h2 style=\"text-align: center;\">Pol\u00edtica de Cookies<\/h2>\n<p><strong>IDENTIFICACI\u00d3N Y POL\u00cdTICA DE COOKIES<\/strong><\/p>\n<p>Esta p\u00e1gina web\u00a0<strong>www.calatreumal.com<\/strong> (en adelante, la \u201cWeb\u201d) es propiedad de <strong>CALA TREUMAL BAR RESTAURANT<\/strong>, con la sociedad <strong>JAUME BERTRAN, S.C.P.<\/strong>, sociedad constituida y existente con arreglo a la legislaci\u00f3n espa\u00f1ola, con domicilio social en <strong>Cala Treumal \u2013 17300 Blanes (Girona)<\/strong>, e inscrita en el Registro Mercantil de Barcelona, cit\u00e1ndose como referencia el tomo xxxxxxx, folio xxxxxxxx, secci\u00f3n General, hoja n\u00famero xxxxxxxxxx, inscripci\u00f3n 6a y provista de CIF n\u00famero <strong>J-17802646.<\/strong><\/p>\n<p>En nuestra web utilizamos cookies propias que nos permiten mejorar la experiencia de usuario y ofrecer contenidos adaptados a tus intereses gracias a la personalizaci\u00f3n del contenido. Adem\u00e1s, empleamos cookies de terceras partes que personalizan la publicidad de las p\u00e1ginas que visitas con contenido de inter\u00e9s para nuestros usuarios.<\/p>\n<p>En caso de que contin\u00faes navegando con el navegador configurado para aceptar cookies entenderemos que aceptas la instalaci\u00f3n de cookies tal y como se detalla en la Pol\u00edtica de Cookies.<\/p>\n<p><strong>INFORMACI\u00d3N B\u00c1SICA DE COOKIES<\/strong><\/p>\n<p><strong>\u00bfQu\u00e9 son las cookies?<\/strong><\/p>\n<p>Las cookies son peque\u00f1as piezas de informaci\u00f3n que se almacenan en el navegador de su ordenador, tableta o tel\u00e9fono m\u00f3vil cuando visita nuestro sitio web, y que facilitan y personalizan la navegaci\u00f3n al visitar las mismas p\u00e1ginas.<\/p>\n<p><strong>\u00bfQu\u00e9 hacen las cookies?<\/strong><\/p>\n<p>Las cookies no identifican personalmente y no suponen riesgo alguno para su ordenador o dispositivo m\u00f3vil. No son virus ni software esp\u00eda. Simplemente son herramientas utilizadas por los sitios web que visitas para mejorar su navegaci\u00f3n, para que sus datos viajen por la red seguras, para ayudarnos a entender qu\u00e9 informaci\u00f3n de nuestra web es m\u00e1s \u00fatil para nuestros usuarios o para saber qu\u00e9 ofertas pueden ser del inter\u00e9s de cada usuario. Y todo esto de una manera totalmente an\u00f3nima: nunca sabremos su nombre, direcci\u00f3n o tel\u00e9fono a menos que t\u00fa nos los facilite. Usted decide si permite o no las cookies, pero si decide no permitirlas, debe bloquearlas en su navegador.<\/p>\n<p>Adem\u00e1s, debe tener en cuenta que, si decide no permitir el uso de cookies de la Web puede que algunas caracter\u00edsticas de la Web no funcionen correctamente y, adem\u00e1s, no podremos adaptar la informaci\u00f3n que le ofrecemos a sus intereses.<\/p>\n<p><strong>\u00bfDurante cu\u00e1nto tiempo est\u00e1n activas las cookies?<\/strong><\/p>\n<p>B\u00e1sicamente, hay dos tipos de cookies:<\/p>\n<ul>\n<li><strong>Las de sesi\u00f3n<\/strong>, que expiran cuando abandona la p\u00e1gina o cierra el navegador, es decir, est\u00e1n activas mientras dura su visita a nuestro sitio web. Se borran cuando apaga el dispositivo.<\/li>\n<li><strong>Las permanentes<\/strong>, que expiran cuando se cumple el objetivo para el que sirven o cuando se borran manualmente, todas tienen una fecha de borrado autom\u00e1tica y se utilizan normalmente en procesos de compra online, personalizaciones o en el registro, para no tener que introducir la contrase\u00f1a constantemente.<\/li>\n<\/ul>\n<p><strong>\u00bfPara qu\u00e9 empleamos cookies en www.calatreumal.com?<\/strong><\/p>\n<p>Utilizamos las cookies para diferentes finalidades que son b\u00e1sicamente estas:<\/p>\n<ul>\n<li><strong>T\u00e9cnicas<\/strong>: son necesarias para que pueda navegar por la Web correctamente y que pueda acceder a todas las secciones sin problemas.<\/li>\n<li><strong>De an\u00e1lisis<\/strong>: nos permiten entender c\u00f3mo navega por nuestra web, ver qu\u00e9 funciona y qu\u00e9 no, mejorar la p\u00e1gina web, calcular cu\u00e1nta gente la visita, con el fin de mejorar los servicios que le podemos ofrecer. Esta informaci\u00f3n es an\u00f3nima, y solo la necesitamos para fines estad\u00edsticos.<\/li>\n<li><strong>Complementos de medios sociales<\/strong>: facilitan su acceso a nuestros canales en redes sociales para que puedan mantenerlo al d\u00eda con consejos y novedades, as\u00ed como \u2013 participar de nuestra comunidad online.<\/li>\n<li><strong>Publicidad<\/strong>: en ocasiones analizamos sus preferencias en la web para poder mostrarle publicidad relacionada con sus gustos. As\u00ed no le hacemos perder el tiempo con ofertas que realmente no le son \u00fatiles.<\/li>\n<\/ul>\n<p><strong>C\u00d3MO CONFIGURAR\/DESACTIVAR LAS COOKIES<\/strong><\/p>\n<p><strong>\u00bfQuiere desactivar las cookies de su navegador?<\/strong><\/p>\n<p>Por lo general, los navegadores permiten las cookies por defecto. Cuando navegas por la Web est\u00e1s aceptando el uso de las cookies. Sin embargo, t\u00fa decides si quieres navegar con o sin cookies, puesto que pueden modificar tus preferencias en cualquier momento.<\/p>\n","protected":false},"excerpt":{"rendered":"<p>Pol\u00edtica de Cookies IDENTIFICACI\u00d3N Y POL\u00cdTICA DE COOKIES Esta p\u00e1gina web\u00a0www.calatreumal.com (en adelante, la \u201cWeb\u201d) es propiedad de CALA TREUMAL BAR RESTAURANT, con la sociedad JAUME BERTRAN, S.C.P., sociedad constituida y existente con arreglo a la legislaci\u00f3n espa\u00f1ola, con domicilio social en Cala Treumal \u2013 17300 Blanes (Girona), e inscrita en el Registro Mercantil de [&hellip;]<\/p>\n","protected":false},"author":1,"featured_media":0,"parent":0,"menu_order":0,"comment_status":"closed","ping_status":"closed","template":"","meta":{"footnotes":""},"class_list":["post-941","page","type-page","status-publish","hentry"],"yoast_head":"<!-- This site is optimized with the Yoast SEO plugin v27.5 - https:\/\/yoast.com\/product\/yoast-seo-wordpress\/ -->\n<title>Pol\u00edtica de Cookies - calatreumal<\/title>\n<meta name=\"robots\" content=\"index, follow, max-snippet:-1, max-image-preview:large, max-video-preview:-1\" \/>\n<link rel=\"canonical\" href=\"https:\/\/calatreumal.com\/ca\/politica-de-cookies\/\" \/>\n<meta property=\"og:locale\" content=\"ca_ES\" \/>\n<meta property=\"og:type\" content=\"article\" \/>\n<meta property=\"og:title\" content=\"Pol\u00edtica de Cookies - calatreumal\" \/>\n<meta property=\"og:description\" content=\"Pol\u00edtica de Cookies IDENTIFICACI\u00d3N Y POL\u00cdTICA DE COOKIES Esta p\u00e1gina web\u00a0www.calatreumal.com (en adelante, la \u201cWeb\u201d) es propiedad de CALA TREUMAL BAR RESTAURANT, con la sociedad JAUME BERTRAN, S.C.P., sociedad constituida y existente con arreglo a la legislaci\u00f3n espa\u00f1ola, con domicilio social en Cala Treumal \u2013 17300 Blanes (Girona), e inscrita en el Registro Mercantil de [&hellip;]\" \/>\n<meta property=\"og:url\" content=\"https:\/\/calatreumal.com\/ca\/politica-de-cookies\/\" \/>\n<meta property=\"og:site_name\" content=\"calatreumal\" \/>\n<meta name=\"twitter:card\" content=\"summary_large_image\" \/>\n<meta name=\"twitter:label1\" content=\"Temps estimat de lectura\" \/>\n\t<meta name=\"twitter:data1\" content=\"4 minuts\" \/>\n<script type=\"application\/ld+json\" class=\"yoast-schema-graph\">{\"@context\":\"https:\\\/\\\/schema.org\",\"@graph\":[{\"@type\":\"WebPage\",\"@id\":\"https:\\\/\\\/calatreumal.com\\\/ca\\\/politica-de-cookies\\\/\",\"url\":\"https:\\\/\\\/calatreumal.com\\\/ca\\\/politica-de-cookies\\\/\",\"name\":\"Pol\u00edtica de Cookies - calatreumal\",\"isPartOf\":{\"@id\":\"https:\\\/\\\/calatreumal.com\\\/ca\\\/#website\"},\"datePublished\":\"2024-02-01T08:35:01+00:00\",\"breadcrumb\":{\"@id\":\"https:\\\/\\\/calatreumal.com\\\/ca\\\/politica-de-cookies\\\/#breadcrumb\"},\"inLanguage\":\"ca\",\"potentialAction\":[{\"@type\":\"ReadAction\",\"target\":[\"https:\\\/\\\/calatreumal.com\\\/ca\\\/politica-de-cookies\\\/\"]}]},{\"@type\":\"BreadcrumbList\",\"@id\":\"https:\\\/\\\/calatreumal.com\\\/ca\\\/politica-de-cookies\\\/#breadcrumb\",\"itemListElement\":[{\"@type\":\"ListItem\",\"position\":1,\"name\":\"Home\",\"item\":\"https:\\\/\\\/calatreumal.com\\\/ca\\\/\"},{\"@type\":\"ListItem\",\"position\":2,\"name\":\"Pol\u00edtica de Cookies\"}]},{\"@type\":\"WebSite\",\"@id\":\"https:\\\/\\\/calatreumal.com\\\/ca\\\/#website\",\"url\":\"https:\\\/\\\/calatreumal.com\\\/ca\\\/\",\"name\":\"calatreumal\",\"description\":\"\",\"potentialAction\":[{\"@type\":\"SearchAction\",\"target\":{\"@type\":\"EntryPoint\",\"urlTemplate\":\"https:\\\/\\\/calatreumal.com\\\/ca\\\/?s={search_term_string}\"},\"query-input\":{\"@type\":\"PropertyValueSpecification\",\"valueRequired\":true,\"valueName\":\"search_term_string\"}}],\"inLanguage\":\"ca\"}]}<\/script>\n<!-- \/ Yoast SEO plugin. -->","yoast_head_json":{"title":"Pol\u00edtica de Cookies - calatreumal","robots":{"index":"index","follow":"follow","max-snippet":"max-snippet:-1","max-image-preview":"max-image-preview:large","max-video-preview":"max-video-preview:-1"},"canonical":"https:\/\/calatreumal.com\/ca\/politica-de-cookies\/","og_locale":"ca_ES","og_type":"article","og_title":"Pol\u00edtica de Cookies - calatreumal","og_description":"Pol\u00edtica de Cookies IDENTIFICACI\u00d3N Y POL\u00cdTICA DE COOKIES Esta p\u00e1gina web\u00a0www.calatreumal.com (en adelante, la \u201cWeb\u201d) es propiedad de CALA TREUMAL BAR RESTAURANT, con la sociedad JAUME BERTRAN, S.C.P., sociedad constituida y existente con arreglo a la legislaci\u00f3n espa\u00f1ola, con domicilio social en Cala Treumal \u2013 17300 Blanes (Girona), e inscrita en el Registro Mercantil de [&hellip;]","og_url":"https:\/\/calatreumal.com\/ca\/politica-de-cookies\/","og_site_name":"calatreumal","twitter_card":"summary_large_image","twitter_misc":{"Temps estimat de lectura":"4 minuts"},"schema":{"@context":"https:\/\/schema.org","@graph":[{"@type":"WebPage","@id":"https:\/\/calatreumal.com\/ca\/politica-de-cookies\/","url":"https:\/\/calatreumal.com\/ca\/politica-de-cookies\/","name":"Pol\u00edtica de Cookies - calatreumal","isPartOf":{"@id":"https:\/\/calatreumal.com\/ca\/#website"},"datePublished":"2024-02-01T08:35:01+00:00","breadcrumb":{"@id":"https:\/\/calatreumal.com\/ca\/politica-de-cookies\/#breadcrumb"},"inLanguage":"ca","potentialAction":[{"@type":"ReadAction","target":["https:\/\/calatreumal.com\/ca\/politica-de-cookies\/"]}]},{"@type":"BreadcrumbList","@id":"https:\/\/calatreumal.com\/ca\/politica-de-cookies\/#breadcrumb","itemListElement":[{"@type":"ListItem","position":1,"name":"Home","item":"https:\/\/calatreumal.com\/ca\/"},{"@type":"ListItem","position":2,"name":"Pol\u00edtica de Cookies"}]},{"@type":"WebSite","@id":"https:\/\/calatreumal.com\/ca\/#website","url":"https:\/\/calatreumal.com\/ca\/","name":"calatreumal","description":"","potentialAction":[{"@type":"SearchAction","target":{"@type":"EntryPoint","urlTemplate":"https:\/\/calatreumal.com\/ca\/?s={search_term_string}"},"query-input":{"@type":"PropertyValueSpecification","valueRequired":true,"valueName":"search_term_string"}}],"inLanguage":"ca"}]}},"_links":{"self":[{"href":"https:\/\/calatreumal.com\/ca\/wp-json\/wp\/v2\/pages\/941","targetHints":{"allow":["GET"]}}],"collection":[{"href":"https:\/\/calatreumal.com\/ca\/wp-json\/wp\/v2\/pages"}],"about":[{"href":"https:\/\/calatreumal.com\/ca\/wp-json\/wp\/v2\/types\/page"}],"author":[{"embeddable":true,"href":"https:\/\/calatreumal.com\/ca\/wp-json\/wp\/v2\/users\/1"}],"replies":[{"embeddable":true,"href":"https:\/\/calatreumal.com\/ca\/wp-json\/wp\/v2\/comments?post=941"}],"version-history":[{"count":0,"href":"https:\/\/calatreumal.com\/ca\/wp-json\/wp\/v2\/pages\/941\/revisions"}],"wp:attachment":[{"href":"https:\/\/calatreumal.com\/ca\/wp-json\/wp\/v2\/media?parent=941"}],"curies":[{"name":"wp","href":"https:\/\/api.w.org\/{rel}","templated":true}]}}