{"id":947,"date":"2024-01-29T10:21:46","date_gmt":"2024-01-29T10:21:46","guid":{"rendered":"https:\/\/calatreumal.com\/politica-de-privacidad\/"},"modified":"2024-01-29T10:21:46","modified_gmt":"2024-01-29T10:21:46","slug":"politica-de-privacidad","status":"publish","type":"page","link":"https:\/\/calatreumal.com\/ca\/politica-de-privacidad\/","title":{"rendered":"Pol\u00edtica de Privacidad"},"content":{"rendered":"\r\n<h2 class=\"wp-block-heading\" style=\"text-align: center;\">Pol\u00edtica de Privacidad\u00a0<\/h2>\r\n<p><strong>PROTECCI\u00d3N DE DATOS DE CAR\u00c1CTER PERSONAL<\/strong><\/p>\r\n<p>A trav\u00e9s de la presente pol\u00edtica de privacidad <strong>CALA TREUMAL BAR RESTAURANT<\/strong> desea informar a todas las personas que naveguen y accedan al sitio web www.calatreumal.com sobre los tratamientos de datos personales realizados.<\/p>\r\n<p>El acceso al sitio web no requiere un registro previo. En cualquier caso, el Usuario con su navegaci\u00f3n acepta \u00edntegramente la presente pol\u00edtica de privacidad y pol\u00edtica de cookies.<\/p>\r\n<p>Antes del env\u00edo de cualquier solicitud de informaci\u00f3n a trav\u00e9s del formulario de contacto de esta p\u00e1gina web, el usuario debe aceptar la pol\u00edtica de privacidad, con el fin de prestar el consentimiento expreso e informado por el tratamiento de los datos con las finalidades indicadas.<\/p>\r\n<p>De conformidad con el Reglamento (UE) 2016\/679, de 27 de abril de 2016, relativo a la protecci\u00f3n de las personas f\u00edsicas en lo que se refiere al tratamiento de datos personales ya la libre circulaci\u00f3n de estos datos y subsidiariamente en lo no regulado , el Real decreto 1720\/2007, de 21 de diciembre, por el que se aprueba el Reglamento de desarrollo de la Ley org\u00e1nica 15\/1999, de 13 de diciembre de Protecci\u00f3n de Datos de Car\u00e1cter Personal <strong>CALA TREUMAL BAR RESTAURANT<\/strong> :<\/p>\r\n<p><strong>Responsable del archivo:<\/strong><\/p>\r\n<p><strong>La sociedad JAUME BERTRAN, S.C.P.<\/strong><\/p>\r\n<p><strong>Cif: J-17802646<\/strong><\/p>\r\n<p><strong>Domicilio social: Cala Treumal \u2013 17300 Blanes (Girona)<\/strong><\/p>\r\n<p><strong>Finalidad y conservaci\u00f3n de los datos:<\/strong> <strong>CALA TREUMAL BAR RESTAURANT<\/strong> tratar\u00e1 los datos de los Usuarios conforme a las siguientes finalidades:<\/p>\r\n<ol>\r\n<li>Gestionar el uso de las funcionalidades puestas a disposici\u00f3n a trav\u00e9s del Sitio Web. Los datos tratados a tal efecto se conservar\u00e1n mientras se mantenga la relaci\u00f3n contractual y\/o mercantil entre el Usuario y <strong>CALA TREUMAL BAR RESTAURANT<\/strong>. En caso de que las solicitudes efectuadas por un usuario no mantengan una relaci\u00f3n contractual, los datos se conservar\u00e1n hasta haber resuelto esta solicitud.<\/li>\r\n<li>Dar rienda suelta a las solicitudes de empleo y gestionar los procesos de selecci\u00f3n. Los datos tratados para este fin se conservar\u00e1n como m\u00e1ximo durante 1 a\u00f1o desde su recepci\u00f3n o finalizaci\u00f3n del proceso de selecci\u00f3n.<\/li>\r\n<li>Mantener informados a los usuarios mediante comunicaciones comerciales sobre servicios y novedades de <strong>CALA TREUMAL BAR RESTAURANT<\/strong><\/li>\r\n<\/ol>\r\n<p>El Usuario s\u00f3lo recibir\u00e1 estas comunicaciones comerciales en caso de aceptaci\u00f3n, marcando la casilla correspondiente.<\/p>\r\n<p>Estos datos s\u00f3lo ser\u00e1n tratados hasta el momento en que el Usuario retire su consentimiento o ejerza el derecho de oposici\u00f3n.<\/p>\r\n<p>Destinatarios Los datos de los usuarios no se ceder\u00e1n a terceros a excepci\u00f3n de obligaci\u00f3n legal.<\/p>\r\n<p><strong>Derechos:<\/strong> En cualquier momento el Usuario podr\u00e1 ejercer gratuitamente sus derechos de acceso, rectificaci\u00f3n, oposici\u00f3n y supresi\u00f3n las datos, as\u00ed como los dem\u00e1s derechos regulados en el Reglamento (UE) 679\/2016, esto es, el derecho a la portabilidad y la limitaci\u00f3n del tratamiento, mediante escrito acompa\u00f1ado de copia del DNI o documento v\u00e1lido que le identifique en <strong>CALA TREUMAL BAR RESTAURANT <\/strong>en el domicilio <strong>Cala Treumal \u2013 17300 Blanes (Girona)<\/strong> (Ref. Protecci\u00f3n de Datos), o en la siguiente direcci\u00f3n de correo electr\u00f3nico <a href=\"mailto:info@calatreumal.com\">info@calatreumal.com<\/a>. <strong>CALA TREUMAL BAR RESTAURANT<\/strong>\u00a0informa al Usuario que, si lo estima oportuno, tiene derecho a presentar una reclamaci\u00f3n ante la correspondiente autoridad de control.<\/p>\r\n<p>\u00bfEs obligatorio proporcionar toda la informaci\u00f3n solicitada en el apartado de contacto?<\/p>\r\n<p>En cuanto a los formularios del Sitio Web, el Usuario debe cumplimentar los marcados como \u201crequerido\u201d. No completar los datos personales requeridos o hacerlo parcialmente puede suponer que <strong>CALA TREUMAL BAR RESTAURANT<\/strong> no pueda atender a sus solicitudes y, en consecuencia, <strong>CALA TREUMAL BAR RESTAURANT<\/strong> quedar\u00e1 exonerada de toda responsabilidad por la no prestaci\u00f3n o prestaci\u00f3n incompleta de los servicios solicitados.<\/p>\r\n<p>Los datos personales que el Usuario facilita a <strong>CALA TREUMAL BAR RESTAURANT<\/strong> deben ser actuales para que la informaci\u00f3n de los registros est\u00e9 actualizada y sin errores. El Usuario responder\u00e1 de la veracidad de los datos facilitados.<\/p>\r\n<p><strong>Menores de edad<\/strong><\/p>\r\n<p>Los menores de 14 a\u00f1os no pueden ceder sus datos personales a <strong>CALA TREUMAL BAR RESTAURANT<\/strong> sin el consentimiento de sus padres y\/o tutores legales.<\/p>\r\n<p>En caso de que <strong>CALA TREUMAL BAR RESTAURANT<\/strong> detectara que el Usuario fuera menor de 14 a\u00f1os se reserva el derecho a solicitar copia de su DNI o documento de identidad equivalente, o en su caso, la autorizaci\u00f3n de sus padres y\/o tutores legales, causando baja en caso de no acreditar el cumplimiento de ese requisito o falta de respuesta.<\/p>\r\n<p><strong>\u00bfQu\u00e9 medidas de seguridad tiene implantada la empresa?<\/strong><\/p>\r\n<p><strong>CALA TREUMAL BAR RESTAURANT<\/strong> informa que el tratamiento que realiza de datos personales se realiza en todo momento de conformidad con la normativa aplicable en materia de protecci\u00f3n de datos y servicios de la sociedad de la informaci\u00f3n.<\/p>\r\n<p><strong>CALA TREUMAL BAR RESTAURANT<\/strong> tiene implantadas las medidas de seguridad de \u00edndole t\u00e9cnica y organizativas necesarias que garanticen la seguridad de los datos de car\u00e1cter personal del Usuario y eviten su alteraci\u00f3n, p\u00e9rdida, tratamiento y\/o acceso no autorizado de acuerdo con el estado de la tecnolog\u00eda, la naturaleza de los datos almacenados y los riesgos a los que est\u00e1n expuestos, ya provengan de la acci\u00f3n humana o del medio f\u00edsico o natural, de conformidad con lo que prev\u00e9 la normativa vigente.<\/p>\r\n<p><strong>Redes sociales<\/strong><\/p>\r\n<p><strong>CALA TREUMAL BAR RESTAURANT<\/strong> dispone de perfiles en las redes sociales con el fin de publicar y difundir informaci\u00f3n sobre los servicios prestados a trav\u00e9s de la p\u00e1gina web, interactuar con los usuarios y ofrecer el canal de atenci\u00f3n e interacci\u00f3n social.<\/p>\r\n<p>A continuaci\u00f3n se citan las redes sociales en las que <strong>CALA TREUMAL BAR RESTAURANT<\/strong> tiene perfil abierto con el nombre comercial <strong>CALA TREUMAL BAR RESTAURANT <\/strong>son:<\/p>\r\n<ul>\r\n<li>Facebook<\/li>\r\n<li>Instagram<\/li>\r\n<li>WhatsApp<\/li>\r\n<\/ul>\r\n","protected":false},"excerpt":{"rendered":"<p>Pol\u00edtica de Privacidad\u00a0 PROTECCI\u00d3N DE DATOS DE CAR\u00c1CTER PERSONAL A trav\u00e9s de la presente pol\u00edtica de privacidad CALA TREUMAL BAR RESTAURANT desea informar a todas las personas que naveguen y accedan al sitio web www.calatreumal.com sobre los tratamientos de datos personales realizados. El acceso al sitio web no requiere un registro previo. En cualquier caso, [&hellip;]<\/p>\n","protected":false},"author":1,"featured_media":0,"parent":0,"menu_order":0,"comment_status":"closed","ping_status":"closed","template":"","meta":{"footnotes":""},"class_list":["post-947","page","type-page","status-publish","hentry"],"yoast_head":"<!-- This site is optimized with the Yoast SEO plugin v27.5 - https:\/\/yoast.com\/product\/yoast-seo-wordpress\/ -->\n<title>Pol\u00edtica de Privacidad - calatreumal<\/title>\n<meta name=\"robots\" content=\"index, follow, max-snippet:-1, max-image-preview:large, max-video-preview:-1\" \/>\n<link rel=\"canonical\" href=\"https:\/\/calatreumal.com\/ca\/politica-de-privacidad\/\" \/>\n<meta property=\"og:locale\" content=\"ca_ES\" \/>\n<meta property=\"og:type\" content=\"article\" \/>\n<meta property=\"og:title\" content=\"Pol\u00edtica de Privacidad - calatreumal\" \/>\n<meta property=\"og:description\" content=\"Pol\u00edtica de Privacidad\u00a0 PROTECCI\u00d3N DE DATOS DE CAR\u00c1CTER PERSONAL A trav\u00e9s de la presente pol\u00edtica de privacidad CALA TREUMAL BAR RESTAURANT desea informar a todas las personas que naveguen y accedan al sitio web www.calatreumal.com sobre los tratamientos de datos personales realizados. El acceso al sitio web no requiere un registro previo. En cualquier caso, [&hellip;]\" \/>\n<meta property=\"og:url\" content=\"https:\/\/calatreumal.com\/ca\/politica-de-privacidad\/\" \/>\n<meta property=\"og:site_name\" content=\"calatreumal\" \/>\n<meta name=\"twitter:card\" content=\"summary_large_image\" \/>\n<meta name=\"twitter:label1\" content=\"Temps estimat de lectura\" \/>\n\t<meta name=\"twitter:data1\" content=\"5 minuts\" \/>\n<script type=\"application\/ld+json\" class=\"yoast-schema-graph\">{\"@context\":\"https:\\\/\\\/schema.org\",\"@graph\":[{\"@type\":\"WebPage\",\"@id\":\"https:\\\/\\\/calatreumal.com\\\/ca\\\/politica-de-privacidad\\\/\",\"url\":\"https:\\\/\\\/calatreumal.com\\\/ca\\\/politica-de-privacidad\\\/\",\"name\":\"Pol\u00edtica de Privacidad - calatreumal\",\"isPartOf\":{\"@id\":\"https:\\\/\\\/calatreumal.com\\\/ca\\\/#website\"},\"datePublished\":\"2024-01-29T10:21:46+00:00\",\"breadcrumb\":{\"@id\":\"https:\\\/\\\/calatreumal.com\\\/ca\\\/politica-de-privacidad\\\/#breadcrumb\"},\"inLanguage\":\"ca\",\"potentialAction\":[{\"@type\":\"ReadAction\",\"target\":[\"https:\\\/\\\/calatreumal.com\\\/ca\\\/politica-de-privacidad\\\/\"]}]},{\"@type\":\"BreadcrumbList\",\"@id\":\"https:\\\/\\\/calatreumal.com\\\/ca\\\/politica-de-privacidad\\\/#breadcrumb\",\"itemListElement\":[{\"@type\":\"ListItem\",\"position\":1,\"name\":\"Home\",\"item\":\"https:\\\/\\\/calatreumal.com\\\/ca\\\/\"},{\"@type\":\"ListItem\",\"position\":2,\"name\":\"Pol\u00edtica de Privacidad\"}]},{\"@type\":\"WebSite\",\"@id\":\"https:\\\/\\\/calatreumal.com\\\/ca\\\/#website\",\"url\":\"https:\\\/\\\/calatreumal.com\\\/ca\\\/\",\"name\":\"calatreumal\",\"description\":\"\",\"potentialAction\":[{\"@type\":\"SearchAction\",\"target\":{\"@type\":\"EntryPoint\",\"urlTemplate\":\"https:\\\/\\\/calatreumal.com\\\/ca\\\/?s={search_term_string}\"},\"query-input\":{\"@type\":\"PropertyValueSpecification\",\"valueRequired\":true,\"valueName\":\"search_term_string\"}}],\"inLanguage\":\"ca\"}]}<\/script>\n<!-- \/ Yoast SEO plugin. -->","yoast_head_json":{"title":"Pol\u00edtica de Privacidad - calatreumal","robots":{"index":"index","follow":"follow","max-snippet":"max-snippet:-1","max-image-preview":"max-image-preview:large","max-video-preview":"max-video-preview:-1"},"canonical":"https:\/\/calatreumal.com\/ca\/politica-de-privacidad\/","og_locale":"ca_ES","og_type":"article","og_title":"Pol\u00edtica de Privacidad - calatreumal","og_description":"Pol\u00edtica de Privacidad\u00a0 PROTECCI\u00d3N DE DATOS DE CAR\u00c1CTER PERSONAL A trav\u00e9s de la presente pol\u00edtica de privacidad CALA TREUMAL BAR RESTAURANT desea informar a todas las personas que naveguen y accedan al sitio web www.calatreumal.com sobre los tratamientos de datos personales realizados. El acceso al sitio web no requiere un registro previo. En cualquier caso, [&hellip;]","og_url":"https:\/\/calatreumal.com\/ca\/politica-de-privacidad\/","og_site_name":"calatreumal","twitter_card":"summary_large_image","twitter_misc":{"Temps estimat de lectura":"5 minuts"},"schema":{"@context":"https:\/\/schema.org","@graph":[{"@type":"WebPage","@id":"https:\/\/calatreumal.com\/ca\/politica-de-privacidad\/","url":"https:\/\/calatreumal.com\/ca\/politica-de-privacidad\/","name":"Pol\u00edtica de Privacidad - calatreumal","isPartOf":{"@id":"https:\/\/calatreumal.com\/ca\/#website"},"datePublished":"2024-01-29T10:21:46+00:00","breadcrumb":{"@id":"https:\/\/calatreumal.com\/ca\/politica-de-privacidad\/#breadcrumb"},"inLanguage":"ca","potentialAction":[{"@type":"ReadAction","target":["https:\/\/calatreumal.com\/ca\/politica-de-privacidad\/"]}]},{"@type":"BreadcrumbList","@id":"https:\/\/calatreumal.com\/ca\/politica-de-privacidad\/#breadcrumb","itemListElement":[{"@type":"ListItem","position":1,"name":"Home","item":"https:\/\/calatreumal.com\/ca\/"},{"@type":"ListItem","position":2,"name":"Pol\u00edtica de Privacidad"}]},{"@type":"WebSite","@id":"https:\/\/calatreumal.com\/ca\/#website","url":"https:\/\/calatreumal.com\/ca\/","name":"calatreumal","description":"","potentialAction":[{"@type":"SearchAction","target":{"@type":"EntryPoint","urlTemplate":"https:\/\/calatreumal.com\/ca\/?s={search_term_string}"},"query-input":{"@type":"PropertyValueSpecification","valueRequired":true,"valueName":"search_term_string"}}],"inLanguage":"ca"}]}},"_links":{"self":[{"href":"https:\/\/calatreumal.com\/ca\/wp-json\/wp\/v2\/pages\/947","targetHints":{"allow":["GET"]}}],"collection":[{"href":"https:\/\/calatreumal.com\/ca\/wp-json\/wp\/v2\/pages"}],"about":[{"href":"https:\/\/calatreumal.com\/ca\/wp-json\/wp\/v2\/types\/page"}],"author":[{"embeddable":true,"href":"https:\/\/calatreumal.com\/ca\/wp-json\/wp\/v2\/users\/1"}],"replies":[{"embeddable":true,"href":"https:\/\/calatreumal.com\/ca\/wp-json\/wp\/v2\/comments?post=947"}],"version-history":[{"count":0,"href":"https:\/\/calatreumal.com\/ca\/wp-json\/wp\/v2\/pages\/947\/revisions"}],"wp:attachment":[{"href":"https:\/\/calatreumal.com\/ca\/wp-json\/wp\/v2\/media?parent=947"}],"curies":[{"name":"wp","href":"https:\/\/api.w.org\/{rel}","templated":true}]}}